{"id":5317,"date":"2025-12-24T02:23:04","date_gmt":"2025-12-24T00:23:04","guid":{"rendered":"https:\/\/chemarts.aalto.fi\/?page_id=5317"},"modified":"2025-12-24T02:23:04","modified_gmt":"2025-12-24T00:23:04","slug":"mari-koppanen","status":"publish","type":"page","link":"https:\/\/chemarts.aalto.fi\/index.php\/about\/alumni\/mari-koppanen\/","title":{"rendered":"Alumni profile: Mari Koppanen"},"content":{"rendered":"[vc_row type=&#8221;in_container&#8221; full_screen_row_position=&#8221;middle&#8221; scene_position=&#8221;center&#8221; text_color=&#8221;dark&#8221; text_align=&#8221;left&#8221; top_padding=&#8221;60&#8243; overlay_strength=&#8221;0.3&#8243; shape_divider_position=&#8221;bottom&#8221; shape_type=&#8221;&#8221;][vc_column column_padding=&#8221;no-extra-padding&#8221; column_padding_position=&#8221;left-right&#8221; background_color_opacity=&#8221;1&#8243; background_hover_color_opacity=&#8221;1&#8243; column_shadow=&#8221;none&#8221; column_border_radius=&#8221;none&#8221; width=&#8221;2\/3&#8243; tablet_text_alignment=&#8221;default&#8221; phone_text_alignment=&#8221;default&#8221; column_border_width=&#8221;none&#8221; column_border_style=&#8221;solid&#8221;][vc_column_text]\n<h1>Mari Koppanen\u2019s K\u00c4\u00c4P\u00c4+ grew into a PhD research project<\/h1>\n<p><strong>Mari joined the Nordic Biomaterials course at Aalto CHEMARTS in 2022 during the early phase of her PhD Artistic Research for the Oslo National Academy of the Arts.<\/strong><\/p>\n<p><!--more-->[\/vc_column_text]<div class=\"img-with-aniamtion-wrap \" data-max-width=\"100%\" data-border-radius=\"none\"><div class=\"inner\"><img data-shadow=\"none\" data-shadow-direction=\"middle\" class=\"img-with-animation \" data-delay=\"0\" height=\"2560\" width=\"1783\" data-animation=\"fade-in\" src=\"https:\/\/chemarts.aalto.fi\/wp-content\/uploads\/2025\/12\/MariKoppanen_Portrait-scaled.jpg\" srcset=\"https:\/\/chemarts.aalto.fi\/wp-content\/uploads\/2025\/12\/MariKoppanen_Portrait-scaled.jpg 1783w, https:\/\/chemarts.aalto.fi\/wp-content\/uploads\/2025\/12\/MariKoppanen_Portrait-209x300.jpg 209w, https:\/\/chemarts.aalto.fi\/wp-content\/uploads\/2025\/12\/MariKoppanen_Portrait-713x1024.jpg 713w, https:\/\/chemarts.aalto.fi\/wp-content\/uploads\/2025\/12\/MariKoppanen_Portrait-768x1103.jpg 768w, https:\/\/chemarts.aalto.fi\/wp-content\/uploads\/2025\/12\/MariKoppanen_Portrait-1070x1536.jpg 1070w, https:\/\/chemarts.aalto.fi\/wp-content\/uploads\/2025\/12\/MariKoppanen_Portrait-1427x2048.jpg 1427w\" sizes=\"100vw\" alt=\"\" \/><\/div><\/div>[vc_column_text]\n<h5>Mari Koppanen<\/h5>\n[\/vc_column_text]<div class=\"divider-wrap\"><div style=\"height: 20px;\" class=\"divider\"><\/div><\/div>[vc_column_text]Focused on fungi and experimental materials, she applied to CHEMARTS to gain access to the needed laboratory and equipment.<\/p>\n<p>&#8220;I was interested in broadening my knowledge of the chemical, biological, and microscopic aspects of the material I study.&#8221;<\/p>\n<p>The course marked the beginning of her K\u00c4\u00c4P\u00c4+ project, which later became part of her PhD. Using the techniques learned at CHEMARTS, Mari developed a composite material combining wood cellulose with remnants of amadou fibre (a fungal material derived from tinder fungus). She used this composite to create lampshades for lighting designs, form-pressed from the material.[\/vc_column_text]<div class=\"divider-wrap\"><div style=\"height: 15px;\" class=\"divider\"><\/div><\/div><div class=\"img-with-aniamtion-wrap \" data-max-width=\"100%\" data-border-radius=\"none\"><div class=\"inner\"><a href=\"https:\/\/chemarts.aalto.fi\/wp-content\/uploads\/2025\/12\/aalto_kaapa_05-scaled.jpg\" class=\"pp \"><img data-shadow=\"none\" data-shadow-direction=\"middle\" class=\"img-with-animation \" data-delay=\"0\" height=\"2560\" width=\"1987\" data-animation=\"fade-in\" src=\"https:\/\/chemarts.aalto.fi\/wp-content\/uploads\/2025\/12\/aalto_kaapa_05-scaled.jpg\" srcset=\"https:\/\/chemarts.aalto.fi\/wp-content\/uploads\/2025\/12\/aalto_kaapa_05-scaled.jpg 1987w, https:\/\/chemarts.aalto.fi\/wp-content\/uploads\/2025\/12\/aalto_kaapa_05-233x300.jpg 233w, https:\/\/chemarts.aalto.fi\/wp-content\/uploads\/2025\/12\/aalto_kaapa_05-795x1024.jpg 795w, https:\/\/chemarts.aalto.fi\/wp-content\/uploads\/2025\/12\/aalto_kaapa_05-768x989.jpg 768w, https:\/\/chemarts.aalto.fi\/wp-content\/uploads\/2025\/12\/aalto_kaapa_05-1192x1536.jpg 1192w, https:\/\/chemarts.aalto.fi\/wp-content\/uploads\/2025\/12\/aalto_kaapa_05-1590x2048.jpg 1590w\" sizes=\"100vw\" alt=\"\" \/><\/a><\/div><\/div><div class=\"divider-wrap\"><div style=\"height: 15px;\" class=\"divider\"><\/div><\/div><div class=\"img-with-aniamtion-wrap \" data-max-width=\"100%\" data-border-radius=\"none\"><div class=\"inner\"><img data-shadow=\"none\" data-shadow-direction=\"middle\" class=\"img-with-animation \" data-delay=\"0\" height=\"2109\" width=\"2560\" data-animation=\"fade-in\" src=\"https:\/\/chemarts.aalto.fi\/wp-content\/uploads\/2025\/12\/Kaapa_aalto-scaled.jpg\" srcset=\"https:\/\/chemarts.aalto.fi\/wp-content\/uploads\/2025\/12\/Kaapa_aalto-scaled.jpg 2560w, https:\/\/chemarts.aalto.fi\/wp-content\/uploads\/2025\/12\/Kaapa_aalto-300x247.jpg 300w, https:\/\/chemarts.aalto.fi\/wp-content\/uploads\/2025\/12\/Kaapa_aalto-1024x844.jpg 1024w, https:\/\/chemarts.aalto.fi\/wp-content\/uploads\/2025\/12\/Kaapa_aalto-768x633.jpg 768w, https:\/\/chemarts.aalto.fi\/wp-content\/uploads\/2025\/12\/Kaapa_aalto-1536x1265.jpg 1536w, https:\/\/chemarts.aalto.fi\/wp-content\/uploads\/2025\/12\/Kaapa_aalto-2048x1687.jpg 2048w\" sizes=\"100vw\" alt=\"\" \/><\/div><\/div>[vc_column_text]\n<h5>Images: K\u00e4\u00e4p\u00e4+ project<\/h5>\n[\/vc_column_text]<div class=\"divider-wrap\"><div style=\"height: 15px;\" class=\"divider\"><\/div><\/div>[vc_column_text]\n<h3><b>Learning in a collaborative lab<\/b><\/h3>\n<p><span style=\"font-weight: 400;\">Mari valued the diversity and expertise in the CHEMARTS lab. Students came from different cultural and educational backgrounds, and the course offered freedom to explore individual interests.<\/span><\/p>\n<p><span style=\"font-weight: 400;\">\u201cThe course content was engaging. Professors Tapani Vuorinen and Pirjo K\u00e4\u00e4ri\u00e4inen were experienced professionals, and I had two very inspiring weeks on the Aalto campus with them and the other students.&#8221;<\/span><\/p>\n<p><span style=\"font-weight: 400;\">This hands-on lab environment allowed Mari to experiment with new biomaterials while collaborating with peers, building skills she now applies in both research and teaching.<\/span>[\/vc_column_text]<div class=\"divider-wrap\"><div style=\"height: 15px;\" class=\"divider\"><\/div><\/div><div class=\"img-with-aniamtion-wrap \" data-max-width=\"100%\" data-border-radius=\"none\"><div class=\"inner\"><a href=\"https:\/\/chemarts.aalto.fi\/wp-content\/uploads\/2025\/12\/Kaapa_Amadou_18_oppanen-scaled.jpg\" class=\"pp \"><img data-shadow=\"none\" data-shadow-direction=\"middle\" class=\"img-with-animation \" data-delay=\"0\" height=\"2560\" width=\"1582\" data-animation=\"fade-in\" src=\"https:\/\/chemarts.aalto.fi\/wp-content\/uploads\/2025\/12\/Kaapa_Amadou_18_oppanen-scaled.jpg\" srcset=\"https:\/\/chemarts.aalto.fi\/wp-content\/uploads\/2025\/12\/Kaapa_Amadou_18_oppanen-scaled.jpg 1582w, https:\/\/chemarts.aalto.fi\/wp-content\/uploads\/2025\/12\/Kaapa_Amadou_18_oppanen-185x300.jpg 185w, https:\/\/chemarts.aalto.fi\/wp-content\/uploads\/2025\/12\/Kaapa_Amadou_18_oppanen-633x1024.jpg 633w, https:\/\/chemarts.aalto.fi\/wp-content\/uploads\/2025\/12\/Kaapa_Amadou_18_oppanen-768x1243.jpg 768w, https:\/\/chemarts.aalto.fi\/wp-content\/uploads\/2025\/12\/Kaapa_Amadou_18_oppanen-949x1536.jpg 949w, https:\/\/chemarts.aalto.fi\/wp-content\/uploads\/2025\/12\/Kaapa_Amadou_18_oppanen-1265x2048.jpg 1265w\" sizes=\"100vw\" alt=\"\" \/><\/a><\/div><\/div><div class=\"img-with-aniamtion-wrap \" data-max-width=\"100%\" data-border-radius=\"none\"><div class=\"inner\"><a href=\"https:\/\/chemarts.aalto.fi\/wp-content\/uploads\/2025\/12\/Kaapa_Amadou_16_Koppanen-scaled.jpg\" class=\"pp \"><img data-shadow=\"none\" data-shadow-direction=\"middle\" class=\"img-with-animation \" data-delay=\"0\" height=\"2560\" width=\"1707\" data-animation=\"fade-in\" src=\"https:\/\/chemarts.aalto.fi\/wp-content\/uploads\/2025\/12\/Kaapa_Amadou_16_Koppanen-scaled.jpg\" srcset=\"https:\/\/chemarts.aalto.fi\/wp-content\/uploads\/2025\/12\/Kaapa_Amadou_16_Koppanen-scaled.jpg 1707w, https:\/\/chemarts.aalto.fi\/wp-content\/uploads\/2025\/12\/Kaapa_Amadou_16_Koppanen-200x300.jpg 200w, https:\/\/chemarts.aalto.fi\/wp-content\/uploads\/2025\/12\/Kaapa_Amadou_16_Koppanen-683x1024.jpg 683w, https:\/\/chemarts.aalto.fi\/wp-content\/uploads\/2025\/12\/Kaapa_Amadou_16_Koppanen-768x1152.jpg 768w, https:\/\/chemarts.aalto.fi\/wp-content\/uploads\/2025\/12\/Kaapa_Amadou_16_Koppanen-1024x1536.jpg 1024w, https:\/\/chemarts.aalto.fi\/wp-content\/uploads\/2025\/12\/Kaapa_Amadou_16_Koppanen-1365x2048.jpg 1365w\" sizes=\"100vw\" alt=\"\" \/><\/a><\/div><\/div><div class=\"divider-wrap\"><div style=\"height: 15px;\" class=\"divider\"><\/div><\/div>[vc_column_text]\n<h3><b>The future is cross-boundary<\/b><\/h3>\n<p><span style=\"font-weight: 400;\">Since then, Mari has been finalising her PhD and teaching a materials course at the Oslo National Academy of the Arts, where she introduces the CHEMARTS Cookbook as a pedagogical resource. She plans to continue working independently with the biomaterials she has been researching.<\/span><\/p>\n<p><span style=\"font-weight: 400;\">\u201cMaterial research is one of the most rapidly growing fields, and I believe we will see increasing collaboration between designers and scientists in the future. It is important that these materials are produced through socially and ecologically sustainable means. In this context, ethical material research, sustainability and innovation become a primary value.\u201d<\/span><\/p>\n<p><span style=\"font-weight: 400;\">&#8220;The design of the future is increasingly cross-boundary, requiring practitioners who can work in diverse environments and collaborate with experts from different disciplines. In that sense, the course was highly relevant to my practice, and I gained concrete benefits from participating in it.&#8221;<\/span>[\/vc_column_text]<div class=\"divider-wrap\"><div style=\"height: 15px;\" class=\"divider\"><\/div><\/div><div class=\"img-with-aniamtion-wrap \" data-max-width=\"100%\" data-border-radius=\"none\"><div class=\"inner\"><a href=\"https:\/\/chemarts.aalto.fi\/wp-content\/uploads\/2025\/12\/Kaapa_Amadou_51_Koppanen_trapetsi.png\" class=\"pp \"><img data-shadow=\"none\" data-shadow-direction=\"middle\" class=\"img-with-animation \" data-delay=\"0\" height=\"2268\" width=\"1500\" data-animation=\"fade-in\" src=\"https:\/\/chemarts.aalto.fi\/wp-content\/uploads\/2025\/12\/Kaapa_Amadou_51_Koppanen_trapetsi.png\" srcset=\"https:\/\/chemarts.aalto.fi\/wp-content\/uploads\/2025\/12\/Kaapa_Amadou_51_Koppanen_trapetsi.png 1500w, https:\/\/chemarts.aalto.fi\/wp-content\/uploads\/2025\/12\/Kaapa_Amadou_51_Koppanen_trapetsi-198x300.png 198w, https:\/\/chemarts.aalto.fi\/wp-content\/uploads\/2025\/12\/Kaapa_Amadou_51_Koppanen_trapetsi-677x1024.png 677w, https:\/\/chemarts.aalto.fi\/wp-content\/uploads\/2025\/12\/Kaapa_Amadou_51_Koppanen_trapetsi-768x1161.png 768w, https:\/\/chemarts.aalto.fi\/wp-content\/uploads\/2025\/12\/Kaapa_Amadou_51_Koppanen_trapetsi-1016x1536.png 1016w, https:\/\/chemarts.aalto.fi\/wp-content\/uploads\/2025\/12\/Kaapa_Amadou_51_Koppanen_trapetsi-1354x2048.png 1354w\" sizes=\"100vw\" alt=\"\" \/><\/a><\/div><\/div><div class=\"divider-wrap\"><div style=\"height: 15px;\" class=\"divider\"><\/div><\/div><div class=\"divider-wrap\"><div style=\"margin-top: 30px; width: 20%px; height: 1px; margin-bottom: 30px;\" data-width=\"20%\" data-animate=\"\" data-animation-delay=\"\" data-color=\"default\" class=\"divider-small-border\"><\/div><\/div>[vc_column_text]<span style=\"font-weight: 400;\">Check out Mari\u2019s <\/span><a href=\"https:\/\/marikoppanen.com\/\"><span style=\"font-weight: 400;\">website <\/span><\/a><span style=\"font-weight: 400;\">and follow her work on <\/span><a href=\"https:\/\/www.instagram.com\/mari.koppanen\/\"><span style=\"font-weight: 400;\">Instagram<\/span><\/a><span style=\"font-weight: 400;\">.<\/span>[\/vc_column_text]<div class=\"divider-wrap\"><div style=\"margin-top: 30px; height: 1px; margin-bottom: 30px;\" data-width=\"100%\" data-animate=\"\" data-animation-delay=\"\" data-color=\"default\" class=\"divider-border\"><\/div><\/div>[vc_column_text]Interested in studying CHEMARTS courses? <a href=\"https:\/\/www.aalto.fi\/en\/study-at-aalto#\/\">Apply<\/a> to Aalto University.[\/vc_column_text][\/vc_column][\/vc_row][vc_row type=&#8221;in_container&#8221; full_screen_row_position=&#8221;middle&#8221; scene_position=&#8221;center&#8221; text_color=&#8221;dark&#8221; text_align=&#8221;left&#8221; top_padding=&#8221;60&#8243; bottom_padding=&#8221;10&#8243; overlay_strength=&#8221;0.3&#8243; shape_divider_position=&#8221;bottom&#8221; shape_type=&#8221;&#8221;][vc_column column_padding=&#8221;no-extra-padding&#8221; column_padding_position=&#8221;all&#8221; background_color_opacity=&#8221;1&#8243; background_hover_color_opacity=&#8221;1&#8243; column_shadow=&#8221;none&#8221; column_border_radius=&#8221;none&#8221; width=&#8221;1\/1&#8243; tablet_text_alignment=&#8221;default&#8221; phone_text_alignment=&#8221;default&#8221; column_border_width=&#8221;none&#8221; column_border_style=&#8221;solid&#8221;][vc_column_text][\/vc_column_text][\/vc_column][\/vc_row]\n","protected":false},"excerpt":{"rendered":"<p>[vc_row type=&#8221;in_container&#8221; full_screen_row_position=&#8221;middle&#8221; scene_position=&#8221;center&#8221; text_color=&#8221;dark&#8221; text_align=&#8221;left&#8221; top_padding=&#8221;60&#8243; overlay_strength=&#8221;0.3&#8243; shape_divider_position=&#8221;bottom&#8221; shape_type=&#8221;&#8221;][vc_column column_padding=&#8221;no-extra-padding&#8221; column_padding_position=&#8221;left-right&#8221; background_color_opacity=&#8221;1&#8243; background_hover_color_opacity=&#8221;1&#8243; column_shadow=&#8221;none&#8221; column_border_radius=&#8221;none&#8221; width=&#8221;2\/3&#8243; tablet_text_alignment=&#8221;default&#8221; phone_text_alignment=&#8221;default&#8221; column_border_width=&#8221;none&#8221; column_border_style=&#8221;solid&#8221;][vc_column_text] Mari Koppanen\u2019s K\u00c4\u00c4P\u00c4+ grew into a PhD research project&#8230;<\/p>\n","protected":false},"author":4,"featured_media":5318,"parent":4719,"menu_order":0,"comment_status":"closed","ping_status":"closed","template":"","meta":[],"_links":{"self":[{"href":"https:\/\/chemarts.aalto.fi\/index.php\/wp-json\/wp\/v2\/pages\/5317"}],"collection":[{"href":"https:\/\/chemarts.aalto.fi\/index.php\/wp-json\/wp\/v2\/pages"}],"about":[{"href":"https:\/\/chemarts.aalto.fi\/index.php\/wp-json\/wp\/v2\/types\/page"}],"author":[{"embeddable":true,"href":"https:\/\/chemarts.aalto.fi\/index.php\/wp-json\/wp\/v2\/users\/4"}],"replies":[{"embeddable":true,"href":"https:\/\/chemarts.aalto.fi\/index.php\/wp-json\/wp\/v2\/comments?post=5317"}],"version-history":[{"count":2,"href":"https:\/\/chemarts.aalto.fi\/index.php\/wp-json\/wp\/v2\/pages\/5317\/revisions"}],"predecessor-version":[{"id":5325,"href":"https:\/\/chemarts.aalto.fi\/index.php\/wp-json\/wp\/v2\/pages\/5317\/revisions\/5325"}],"up":[{"embeddable":true,"href":"https:\/\/chemarts.aalto.fi\/index.php\/wp-json\/wp\/v2\/pages\/4719"}],"wp:featuredmedia":[{"embeddable":true,"href":"https:\/\/chemarts.aalto.fi\/index.php\/wp-json\/wp\/v2\/media\/5318"}],"wp:attachment":[{"href":"https:\/\/chemarts.aalto.fi\/index.php\/wp-json\/wp\/v2\/media?parent=5317"}],"curies":[{"name":"wp","href":"https:\/\/api.w.org\/{rel}","templated":true}]}}