{"id":5216,"date":"2025-11-29T02:57:02","date_gmt":"2025-11-29T00:57:02","guid":{"rendered":"https:\/\/chemarts.aalto.fi\/?page_id=5216"},"modified":"2025-11-29T02:59:17","modified_gmt":"2025-11-29T00:59:17","slug":"helena-manner","status":"publish","type":"page","link":"https:\/\/chemarts.aalto.fi\/index.php\/about\/alumni\/helena-manner\/","title":{"rendered":"Alumni profile: Helena Manner"},"content":{"rendered":"[vc_row type=&#8221;in_container&#8221; full_screen_row_position=&#8221;middle&#8221; scene_position=&#8221;center&#8221; text_color=&#8221;dark&#8221; text_align=&#8221;left&#8221; top_padding=&#8221;60&#8243; overlay_strength=&#8221;0.3&#8243; shape_divider_position=&#8221;bottom&#8221; shape_type=&#8221;&#8221;][vc_column column_padding=&#8221;no-extra-padding&#8221; column_padding_position=&#8221;left-right&#8221; background_color_opacity=&#8221;1&#8243; background_hover_color_opacity=&#8221;1&#8243; column_shadow=&#8221;none&#8221; column_border_radius=&#8221;none&#8221; width=&#8221;2\/3&#8243; tablet_text_alignment=&#8221;default&#8221; phone_text_alignment=&#8221;default&#8221; column_border_width=&#8221;none&#8221; column_border_style=&#8221;solid&#8221;][vc_column_text]\n<h1>Learning to work at the material\u2019s pace<\/h1>\n<p><strong>Helena Manner joined CHEMARTS Summer School in 2016, bringing a background in glass and ceramics from the Estonian Academy of Arts.<\/strong><\/p>\n<p><!--more-->[\/vc_column_text]<div class=\"img-with-aniamtion-wrap \" data-max-width=\"100%\" data-border-radius=\"none\"><div class=\"inner\"><img data-shadow=\"none\" data-shadow-direction=\"middle\" class=\"img-with-animation \" data-delay=\"0\" height=\"2560\" width=\"2048\" data-animation=\"fade-in\" src=\"https:\/\/chemarts.aalto.fi\/wp-content\/uploads\/2025\/11\/Portrait-Helena-scaled.jpeg\" srcset=\"https:\/\/chemarts.aalto.fi\/wp-content\/uploads\/2025\/11\/Portrait-Helena-scaled.jpeg 2048w, https:\/\/chemarts.aalto.fi\/wp-content\/uploads\/2025\/11\/Portrait-Helena-240x300.jpeg 240w, https:\/\/chemarts.aalto.fi\/wp-content\/uploads\/2025\/11\/Portrait-Helena-819x1024.jpeg 819w, https:\/\/chemarts.aalto.fi\/wp-content\/uploads\/2025\/11\/Portrait-Helena-768x960.jpeg 768w, https:\/\/chemarts.aalto.fi\/wp-content\/uploads\/2025\/11\/Portrait-Helena-1229x1536.jpeg 1229w, https:\/\/chemarts.aalto.fi\/wp-content\/uploads\/2025\/11\/Portrait-Helena-1638x2048.jpeg 1638w\" sizes=\"100vw\" alt=\"Helena Manner\" \/><\/div><\/div>[vc_column_text]\n<h5><span style=\"font-weight: 400;\">Designer Helena Manner<\/span><\/h5>\n[\/vc_column_text]<div class=\"divider-wrap\"><div style=\"height: 20px;\" class=\"divider\"><\/div><\/div>[vc_column_text]<span style=\"font-weight: 400;\">What drew her in was the opportunity to explore materials not just as physical substances but as something that carries memory, time and cultural values.<\/span><\/p>\n<p><span style=\"font-weight: 400;\">\u201c<\/span><span style=\"font-weight: 400;\">For me, sustainability is not only about materials, but about the systems, values, and continuity. A sustainable material future feels calm, thoughtful and long-term, where resources are respected and design prioritises durability and emotional connection over novelty. To me, sustainability is deeply tied to how we choose to live, consume and value things over time. <\/span><span style=\"font-weight: 400;\">\u201d<\/span>[\/vc_column_text]<div class=\"divider-wrap\"><div style=\"height: 15px;\" class=\"divider\"><\/div><\/div><div class=\"img-with-aniamtion-wrap \" data-max-width=\"100%\" data-border-radius=\"none\"><div class=\"inner\"><a href=\"https:\/\/chemarts.aalto.fi\/wp-content\/uploads\/2025\/11\/Bacterial-cellulose-formed-on-a-mannequin-process-stage-scaled.jpg\" class=\"pp \"><img data-shadow=\"none\" data-shadow-direction=\"middle\" class=\"img-with-animation \" data-delay=\"0\" height=\"1707\" width=\"2560\" data-animation=\"fade-in\" src=\"https:\/\/chemarts.aalto.fi\/wp-content\/uploads\/2025\/11\/Bacterial-cellulose-formed-on-a-mannequin-process-stage-scaled.jpg\" srcset=\"https:\/\/chemarts.aalto.fi\/wp-content\/uploads\/2025\/11\/Bacterial-cellulose-formed-on-a-mannequin-process-stage-scaled.jpg 2560w, https:\/\/chemarts.aalto.fi\/wp-content\/uploads\/2025\/11\/Bacterial-cellulose-formed-on-a-mannequin-process-stage-300x200.jpg 300w, https:\/\/chemarts.aalto.fi\/wp-content\/uploads\/2025\/11\/Bacterial-cellulose-formed-on-a-mannequin-process-stage-1024x683.jpg 1024w, https:\/\/chemarts.aalto.fi\/wp-content\/uploads\/2025\/11\/Bacterial-cellulose-formed-on-a-mannequin-process-stage-768x512.jpg 768w, https:\/\/chemarts.aalto.fi\/wp-content\/uploads\/2025\/11\/Bacterial-cellulose-formed-on-a-mannequin-process-stage-1536x1024.jpg 1536w, https:\/\/chemarts.aalto.fi\/wp-content\/uploads\/2025\/11\/Bacterial-cellulose-formed-on-a-mannequin-process-stage-2048x1365.jpg 2048w, https:\/\/chemarts.aalto.fi\/wp-content\/uploads\/2025\/11\/Bacterial-cellulose-formed-on-a-mannequin-process-stage-900x600.jpg 900w\" sizes=\"100vw\" alt=\"Bacterial cellulose formed on a mannequin (process stage)\" \/><\/a><\/div><\/div>[vc_column_text]\n<h5>Process of forming bacterial cellulose on a mannequin.<\/h5>\n[\/vc_column_text]<div class=\"divider-wrap\"><div style=\"height: 15px;\" class=\"divider\"><\/div><\/div><div class=\"img-with-aniamtion-wrap \" data-max-width=\"100%\" data-border-radius=\"none\"><div class=\"inner\"><img data-shadow=\"none\" data-shadow-direction=\"middle\" class=\"img-with-animation \" data-delay=\"0\" height=\"640\" width=\"960\" data-animation=\"fade-in\" src=\"https:\/\/chemarts.aalto.fi\/wp-content\/uploads\/2025\/11\/Bakteeriselluloosa-by-HelenaManner2016_AaltoCHEMARTS.jpeg\" srcset=\"https:\/\/chemarts.aalto.fi\/wp-content\/uploads\/2025\/11\/Bakteeriselluloosa-by-HelenaManner2016_AaltoCHEMARTS.jpeg 960w, https:\/\/chemarts.aalto.fi\/wp-content\/uploads\/2025\/11\/Bakteeriselluloosa-by-HelenaManner2016_AaltoCHEMARTS-300x200.jpeg 300w, https:\/\/chemarts.aalto.fi\/wp-content\/uploads\/2025\/11\/Bakteeriselluloosa-by-HelenaManner2016_AaltoCHEMARTS-768x512.jpeg 768w, https:\/\/chemarts.aalto.fi\/wp-content\/uploads\/2025\/11\/Bakteeriselluloosa-by-HelenaManner2016_AaltoCHEMARTS-900x600.jpeg 900w\" sizes=\"100vw\" alt=\"Eri v\u00e4risi\u00e4 bakteeriselluloosan\u00e4ytteit\u00e4\" \/><\/div><\/div>[vc_column_text]\n<h5>Colored bacterial cellulose.<\/h5>\n[\/vc_column_text]<div class=\"divider-wrap\"><div style=\"height: 15px;\" class=\"divider\"><\/div><\/div>[vc_column_text]<span style=\"font-weight: 400;\">\u201cLater, I also explored how methods from glass could be translated into cellulose-based materials through the use of plaster moulds and surface experiments. This shift from controlling a material to collaborating with it became a central part of my practice.\u201d<\/span><\/p>\n<p><span style=\"font-weight: 400;\">\u201cI also experimented with colour, using synthetic dyes at the time, while considering how natural dye processes could be integrated in the future. This process changed the way I understand form-making: from something that is directed, to something that emerges.\u201d<\/span>[\/vc_column_text]<div class=\"divider-wrap\"><div style=\"height: 15px;\" class=\"divider\"><\/div><\/div><div class=\"img-with-aniamtion-wrap \" data-max-width=\"100%\" data-border-radius=\"none\"><div class=\"inner\"><a href=\"https:\/\/chemarts.aalto.fi\/wp-content\/uploads\/2025\/11\/Plaster-mold-experiment-with-nanocellulose.jpg\" class=\"pp \"><img data-shadow=\"none\" data-shadow-direction=\"middle\" class=\"img-with-animation \" data-delay=\"0\" height=\"960\" width=\"720\" data-animation=\"fade-in\" src=\"https:\/\/chemarts.aalto.fi\/wp-content\/uploads\/2025\/11\/Plaster-mold-experiment-with-nanocellulose.jpg\" srcset=\"https:\/\/chemarts.aalto.fi\/wp-content\/uploads\/2025\/11\/Plaster-mold-experiment-with-nanocellulose.jpg 720w, https:\/\/chemarts.aalto.fi\/wp-content\/uploads\/2025\/11\/Plaster-mold-experiment-with-nanocellulose-225x300.jpg 225w\" sizes=\"100vw\" alt=\"Plaster mold experiment with nanocellulose\" \/><\/a><\/div><\/div>[vc_column_text]\n<h5>Plaster mould experiment with cellulose.<\/h5>\n[\/vc_column_text]<div class=\"divider-wrap\"><div style=\"height: 15px;\" class=\"divider\"><\/div><\/div>[vc_column_text]<span style=\"font-weight: 400;\">Helena describes CHEMARTS as a space that encourages curiosity and patience, values that continue to inform both her making and her thinking.<\/span><\/p>\n<p><span style=\"font-weight: 400;\">\u201cThe studio environment offered time to explore materials slowly and thoughtfully, allowing the process itself to guide the work.\u201d<\/span><\/p>\n<h3><b>Building a career shaped by materials and meaning<\/b><\/h3>\n<p><span style=\"font-weight: 400;\">Helena has since completed a Master of Arts in Material Futures at Central Saint Martins, and the<\/span><i><span style=\"font-weight: 400;\"> Growth Areas in Fashion and Textile Sector<\/span><\/i><span style=\"font-weight: 400;\"> programme at Tampere University of Applied Sciences. <\/span><span style=\"font-weight: 400;\">Understanding materials within ecological and cultural systems has transformed her process.<\/span><\/p>\n<p><span style=\"font-weight: 400;\">\u201cCHEMARTS shaped how I think about materials and responsibility. It helped me to connect conceptual thinking with hands-on experimentation. This mindset proved valuable in projects for brands like Stella McCartney during my studies in London.\u201d<\/span><\/p>\n<p><span style=\"font-weight: 400;\">Helena aims to work at the intersection of design, sustainability and material innovation, in Finland or internationally.<\/span><\/p>\n<p><span style=\"font-weight: 400;\">\u201cI aim to work in fashion, product development, material innovation or future-oriented design research. I want to contribute to a design industry that is grounded and responsible, where materials and values are approached with depth and long-term perspective.\u201d<\/span>[\/vc_column_text]<div class=\"divider-wrap\"><div style=\"margin-top: 30px; width: 20%px; height: 1px; margin-bottom: 30px;\" data-width=\"20%\" data-animate=\"\" data-animation-delay=\"\" data-color=\"default\" class=\"divider-small-border\"><\/div><\/div>[vc_column_text]Check Helena&#8217;s <a href=\"https:\/\/www.behance.net\/helenamanner\">website<\/a> and follow her on <a href=\"https:\/\/www.instagram.com\/helenaamanner\">Instagram<\/a>.[\/vc_column_text]<div class=\"divider-wrap\"><div style=\"margin-top: 30px; height: 1px; margin-bottom: 30px;\" data-width=\"100%\" data-animate=\"\" data-animation-delay=\"\" data-color=\"default\" class=\"divider-border\"><\/div><\/div>[vc_column_text]Interested in studying CHEMARTS courses? <a href=\"https:\/\/www.aalto.fi\/en\/study-at-aalto#\/\">Apply<\/a> to Aalto University.[\/vc_column_text][\/vc_column][\/vc_row][vc_row type=&#8221;in_container&#8221; full_screen_row_position=&#8221;middle&#8221; scene_position=&#8221;center&#8221; text_color=&#8221;dark&#8221; text_align=&#8221;left&#8221; top_padding=&#8221;60&#8243; bottom_padding=&#8221;10&#8243; overlay_strength=&#8221;0.3&#8243; shape_divider_position=&#8221;bottom&#8221; shape_type=&#8221;&#8221;][vc_column column_padding=&#8221;no-extra-padding&#8221; column_padding_position=&#8221;all&#8221; background_color_opacity=&#8221;1&#8243; background_hover_color_opacity=&#8221;1&#8243; column_shadow=&#8221;none&#8221; column_border_radius=&#8221;none&#8221; width=&#8221;1\/1&#8243; tablet_text_alignment=&#8221;default&#8221; phone_text_alignment=&#8221;default&#8221; column_border_width=&#8221;none&#8221; column_border_style=&#8221;solid&#8221;][vc_column_text][\/vc_column_text][\/vc_column][\/vc_row]\n","protected":false},"excerpt":{"rendered":"<p>[vc_row type=&#8221;in_container&#8221; full_screen_row_position=&#8221;middle&#8221; scene_position=&#8221;center&#8221; text_color=&#8221;dark&#8221; text_align=&#8221;left&#8221; top_padding=&#8221;60&#8243; overlay_strength=&#8221;0.3&#8243; shape_divider_position=&#8221;bottom&#8221; shape_type=&#8221;&#8221;][vc_column column_padding=&#8221;no-extra-padding&#8221; column_padding_position=&#8221;left-right&#8221; background_color_opacity=&#8221;1&#8243; background_hover_color_opacity=&#8221;1&#8243; column_shadow=&#8221;none&#8221; column_border_radius=&#8221;none&#8221; width=&#8221;2\/3&#8243; tablet_text_alignment=&#8221;default&#8221; phone_text_alignment=&#8221;default&#8221; column_border_width=&#8221;none&#8221; column_border_style=&#8221;solid&#8221;][vc_column_text] Learning to work at the material\u2019s pace Helena Manner&#8230;<\/p>\n","protected":false},"author":4,"featured_media":5217,"parent":4719,"menu_order":0,"comment_status":"closed","ping_status":"closed","template":"","meta":[],"_links":{"self":[{"href":"https:\/\/chemarts.aalto.fi\/index.php\/wp-json\/wp\/v2\/pages\/5216"}],"collection":[{"href":"https:\/\/chemarts.aalto.fi\/index.php\/wp-json\/wp\/v2\/pages"}],"about":[{"href":"https:\/\/chemarts.aalto.fi\/index.php\/wp-json\/wp\/v2\/types\/page"}],"author":[{"embeddable":true,"href":"https:\/\/chemarts.aalto.fi\/index.php\/wp-json\/wp\/v2\/users\/4"}],"replies":[{"embeddable":true,"href":"https:\/\/chemarts.aalto.fi\/index.php\/wp-json\/wp\/v2\/comments?post=5216"}],"version-history":[{"count":4,"href":"https:\/\/chemarts.aalto.fi\/index.php\/wp-json\/wp\/v2\/pages\/5216\/revisions"}],"predecessor-version":[{"id":5226,"href":"https:\/\/chemarts.aalto.fi\/index.php\/wp-json\/wp\/v2\/pages\/5216\/revisions\/5226"}],"up":[{"embeddable":true,"href":"https:\/\/chemarts.aalto.fi\/index.php\/wp-json\/wp\/v2\/pages\/4719"}],"wp:featuredmedia":[{"embeddable":true,"href":"https:\/\/chemarts.aalto.fi\/index.php\/wp-json\/wp\/v2\/media\/5217"}],"wp:attachment":[{"href":"https:\/\/chemarts.aalto.fi\/index.php\/wp-json\/wp\/v2\/media?parent=5216"}],"curies":[{"name":"wp","href":"https:\/\/api.w.org\/{rel}","templated":true}]}}