{"id":3204,"date":"2015-05-22T11:57:57","date_gmt":"2015-05-22T11:57:57","guid":{"rendered":"https:\/\/chemarts.aalto.fi\/?page_id=3204"},"modified":"2018-08-19T08:59:10","modified_gmt":"2018-08-19T08:59:10","slug":"results","status":"publish","type":"page","link":"https:\/\/chemarts.aalto.fi\/index.php\/results\/","title":{"rendered":"Projects"},"content":{"rendered":"[vc_row type=&#8221;in_container&#8221; full_screen_row_position=&#8221;middle&#8221; scene_position=&#8221;center&#8221; text_color=&#8221;dark&#8221; text_align=&#8221;left&#8221; top_padding=&#8221;60&#8243; bottom_padding=&#8221;0&#8243; overlay_strength=&#8221;0.3&#8243; shape_divider_position=&#8221;bottom&#8221;][vc_column enable_animation=&#8221;true&#8221; animation=&#8221;fade-in&#8221; column_padding=&#8221;padding-2-percent&#8221; column_padding_position=&#8221;all&#8221; background_color=&#8221;#f2f2f2&#8243; background_color_opacity=&#8221;1&#8243; background_hover_color_opacity=&#8221;1&#8243; column_shadow=&#8221;none&#8221; column_border_radius=&#8221;none&#8221; width=&#8221;1\/1&#8243; tablet_text_alignment=&#8221;default&#8221; phone_text_alignment=&#8221;default&#8221; column_border_width=&#8221;none&#8221; column_border_style=&#8221;solid&#8221; delay=&#8221;3&#8243;]<div class=\"iwithtext\"><div class=\"iwt-icon\"> <i class=\"icon-default-style icon-quote-right extra-color-1\"><\/i> <\/div><div class=\"iwt-text\"> \n<h2><\/h2>\n<blockquote><p><em>\u201cWe aim to inspire students and researchers to explore biomaterials together, and to create new concepts for the future use of cellulose.\u201d\u00a0<\/em><strong><em>\u00a0&#8211; Pirjo K\u00e4\u00e4ri\u00e4inen<\/em><\/strong><\/p><\/blockquote>\n <\/div><div class=\"clear\"><\/div><\/div>[\/vc_column][\/vc_row][vc_row type=&#8221;in_container&#8221; full_screen_row_position=&#8221;middle&#8221; scene_position=&#8221;center&#8221; text_color=&#8221;dark&#8221; text_align=&#8221;left&#8221; top_padding=&#8221;20&#8243; bottom_padding=&#8221;0&#8243; overlay_strength=&#8221;0.3&#8243; shape_divider_position=&#8221;bottom&#8221;][vc_column enable_animation=&#8221;true&#8221; animation=&#8221;fade-in&#8221; boxed=&#8221;true&#8221; centered_text=&#8221;true&#8221; column_padding=&#8221;padding-7-percent&#8221; column_padding_position=&#8221;top-bottom&#8221; background_color_opacity=&#8221;1&#8243; background_color_hover=&#8221;#939393&#8243; background_hover_color_opacity=&#8221;0.8&#8243; background_image=&#8221;3875&#8243; enable_bg_scale=&#8221;true&#8221; column_shadow=&#8221;small_depth&#8221; column_border_radius=&#8221;none&#8221; width=&#8221;1\/3&#8243; tablet_text_alignment=&#8221;default&#8221; phone_text_alignment=&#8221;default&#8221; column_border_width=&#8221;none&#8221; column_border_style=&#8221;solid&#8221; column_link=&#8221;https:\/\/chemarts.aalto.fi\/index.php\/student-projects\/&#8221; delay=&#8221;3&#8243;][vc_column_text]<span style=\"color: #ffffff;\"><strong><a style=\"color: #ffffff;\" title=\"Student projects\" href=\"https:\/\/chemarts.aalto.fi\/index.php\/student-projects\/\" target=\"_blank\" rel=\"noopener\">STUDENT PROJECTS<\/a><\/strong><\/span>[\/vc_column_text][\/vc_column][vc_column enable_animation=&#8221;true&#8221; animation=&#8221;fade-in&#8221; boxed=&#8221;true&#8221; centered_text=&#8221;true&#8221; column_padding=&#8221;padding-7-percent&#8221; column_padding_position=&#8221;top-bottom&#8221; background_color_opacity=&#8221;1&#8243; background_color_hover=&#8221;#939393&#8243; background_hover_color_opacity=&#8221;0.8&#8243; background_image=&#8221;3876&#8243; column_shadow=&#8221;small_depth&#8221; column_border_radius=&#8221;none&#8221; width=&#8221;1\/3&#8243; tablet_text_alignment=&#8221;default&#8221; phone_text_alignment=&#8221;default&#8221; column_border_width=&#8221;none&#8221; column_border_style=&#8221;solid&#8221; column_link=&#8221;https:\/\/chemarts.aalto.fi\/index.php\/research-projects\/&#8221; delay=&#8221;3&#8243;][vc_column_text]<span style=\"color: #ffffff;\"><strong><a style=\"color: #ffffff;\" title=\"Research Projects\" href=\"https:\/\/chemarts.aalto.fi\/index.php\/research-projects\/\" target=\"_blank\" rel=\"noopener\">RESEARCH PROJECTS<\/a><\/strong><\/span>[\/vc_column_text][\/vc_column][vc_column enable_animation=&#8221;true&#8221; animation=&#8221;fade-in&#8221; boxed=&#8221;true&#8221; centered_text=&#8221;true&#8221; column_padding=&#8221;padding-7-percent&#8221; column_padding_position=&#8221;top-bottom&#8221; background_color_opacity=&#8221;1&#8243; background_color_hover=&#8221;#939393&#8243; background_hover_color_opacity=&#8221;0.8&#8243; background_image=&#8221;3879&#8243; column_shadow=&#8221;small_depth&#8221; column_border_radius=&#8221;none&#8221; width=&#8221;1\/3&#8243; tablet_text_alignment=&#8221;default&#8221; phone_text_alignment=&#8221;default&#8221; column_border_width=&#8221;none&#8221; column_border_style=&#8221;solid&#8221; column_link=&#8221;https:\/\/chemarts.aalto.fi\/index.php\/gallery\/&#8221; delay=&#8221;3&#8243;][vc_column_text]<span style=\"color: #ffffff;\"><strong><a style=\"color: #ffffff;\" title=\"Gallery\" href=\"https:\/\/chemarts.aalto.fi\/index.php\/gallery\/\" target=\"_blank\" rel=\"noopener\">GALLERY<\/a><\/strong><\/span>[\/vc_column_text][\/vc_column][\/vc_row][vc_row type=&#8221;full_width_background&#8221; full_screen_row_position=&#8221;middle&#8221; scene_position=&#8221;center&#8221; text_color=&#8221;dark&#8221; text_align=&#8221;left&#8221; top_padding=&#8221;20&#8243; bottom_padding=&#8221;60&#8243; overlay_strength=&#8221;0.3&#8243; shape_divider_position=&#8221;bottom&#8221;][vc_column column_padding=&#8221;no-extra-padding&#8221; column_padding_position=&#8221;all&#8221; background_color_opacity=&#8221;1&#8243; background_hover_color_opacity=&#8221;1&#8243; column_shadow=&#8221;none&#8221; column_border_radius=&#8221;none&#8221; width=&#8221;1\/3&#8243; tablet_text_alignment=&#8221;default&#8221; phone_text_alignment=&#8221;default&#8221; column_border_width=&#8221;none&#8221; column_border_style=&#8221;solid&#8221;][vc_column_text]The CHEMARTS collaboration started in 2011 as an Aalto University initiative looking at the many possible ways to <strong>integrate design and material research<\/strong>. The core of the project has been formed by student projects, which have generated several new ideas and different concepts, such as textiles with varying functional properties, luxury brands within Finnish cellulose and using recyclable clothes as material for 3D-printed new products.<\/p>\n[\/vc_column_text][\/vc_column][vc_column column_padding=&#8221;no-extra-padding&#8221; column_padding_position=&#8221;all&#8221; background_color_opacity=&#8221;1&#8243; background_hover_color_opacity=&#8221;1&#8243; column_shadow=&#8221;none&#8221; column_border_radius=&#8221;none&#8221; width=&#8221;1\/3&#8243; tablet_text_alignment=&#8221;default&#8221; phone_text_alignment=&#8221;default&#8221; column_border_width=&#8221;none&#8221; column_border_style=&#8221;solid&#8221;][vc_column_text]In 2013 the CHEMARTS collaboration expanded into a large strategic research opening funded by <strong>Tekes \u2013 the Finnish Funding Agency for Innovation<\/strong>. Titled \u2018<em>Design Driven Value Chains in the World of Cellulose<\/em>\u2019 (DWoC), the project is between Aalto University, VTT Technical Research Centre of Finland, and Tampere University of Technology.<\/p>\n[\/vc_column_text][\/vc_column][vc_column column_padding=&#8221;no-extra-padding&#8221; column_padding_position=&#8221;all&#8221; background_color_opacity=&#8221;1&#8243; background_hover_color_opacity=&#8221;1&#8243; column_shadow=&#8221;none&#8221; column_border_radius=&#8221;none&#8221; width=&#8221;1\/3&#8243; tablet_text_alignment=&#8221;default&#8221; phone_text_alignment=&#8221;default&#8221; column_border_width=&#8221;none&#8221; column_border_style=&#8221;solid&#8221;][vc_column_text]CHEMARTS collaboration was nominated <strong>The Aalto Act of the Year Award 2014<\/strong>, directed at professors Pirjo K\u00e4\u00e4ri\u00e4inen from the School of Arts, Design and Architecture and Tapani Vuorinen from the School of Chemical Technology in recognition of their interdisciplinary work.[\/vc_column_text][\/vc_column][\/vc_row]\n","protected":false},"excerpt":{"rendered":"<p>[vc_row type=&#8221;in_container&#8221; full_screen_row_position=&#8221;middle&#8221; scene_position=&#8221;center&#8221; text_color=&#8221;dark&#8221; text_align=&#8221;left&#8221; top_padding=&#8221;60&#8243; bottom_padding=&#8221;0&#8243; overlay_strength=&#8221;0.3&#8243; shape_divider_position=&#8221;bottom&#8221;][vc_column enable_animation=&#8221;true&#8221; animation=&#8221;fade-in&#8221; column_padding=&#8221;padding-2-percent&#8221; column_padding_position=&#8221;all&#8221; background_color=&#8221;#f2f2f2&#8243; background_color_opacity=&#8221;1&#8243; background_hover_color_opacity=&#8221;1&#8243; column_shadow=&#8221;none&#8221; column_border_radius=&#8221;none&#8221; width=&#8221;1\/1&#8243; tablet_text_alignment=&#8221;default&#8221; phone_text_alignment=&#8221;default&#8221; column_border_width=&#8221;none&#8221; column_border_style=&#8221;solid&#8221; delay=&#8221;3&#8243;][\/vc_column][\/vc_row][vc_row type=&#8221;in_container&#8221; full_screen_row_position=&#8221;middle&#8221; scene_position=&#8221;center&#8221; text_color=&#8221;dark&#8221; text_align=&#8221;left&#8221;&#8230;<\/p>\n","protected":false},"author":1,"featured_media":0,"parent":0,"menu_order":0,"comment_status":"closed","ping_status":"closed","template":"","meta":[],"_links":{"self":[{"href":"https:\/\/chemarts.aalto.fi\/index.php\/wp-json\/wp\/v2\/pages\/3204"}],"collection":[{"href":"https:\/\/chemarts.aalto.fi\/index.php\/wp-json\/wp\/v2\/pages"}],"about":[{"href":"https:\/\/chemarts.aalto.fi\/index.php\/wp-json\/wp\/v2\/types\/page"}],"author":[{"embeddable":true,"href":"https:\/\/chemarts.aalto.fi\/index.php\/wp-json\/wp\/v2\/users\/1"}],"replies":[{"embeddable":true,"href":"https:\/\/chemarts.aalto.fi\/index.php\/wp-json\/wp\/v2\/comments?post=3204"}],"version-history":[{"count":27,"href":"https:\/\/chemarts.aalto.fi\/index.php\/wp-json\/wp\/v2\/pages\/3204\/revisions"}],"predecessor-version":[{"id":4106,"href":"https:\/\/chemarts.aalto.fi\/index.php\/wp-json\/wp\/v2\/pages\/3204\/revisions\/4106"}],"wp:attachment":[{"href":"https:\/\/chemarts.aalto.fi\/index.php\/wp-json\/wp\/v2\/media?parent=3204"}],"curies":[{"name":"wp","href":"https:\/\/api.w.org\/{rel}","templated":true}]}}