{"id":2092,"date":"2014-03-31T03:53:02","date_gmt":"2014-03-31T03:53:02","guid":{"rendered":"http:\/\/themenectar.com\/demo\/salient-frostwave\/?page_id=2092"},"modified":"2018-08-23T08:05:10","modified_gmt":"2018-08-23T08:05:10","slug":"contact","status":"publish","type":"page","link":"https:\/\/chemarts.aalto.fi\/index.php\/contact\/","title":{"rendered":"Contact us"},"content":{"rendered":"[vc_row type=&#8221;full_width_background&#8221; full_screen_row_position=&#8221;middle&#8221; bg_color=&#8221;#f7f7f7&#8243; scene_position=&#8221;center&#8221; text_color=&#8221;dark&#8221; text_align=&#8221;left&#8221; top_padding=&#8221;60&#8243; bottom_padding=&#8221;60&#8243; overlay_strength=&#8221;0.3&#8243; shape_divider_position=&#8221;bottom&#8221;][vc_column column_padding=&#8221;no-extra-padding&#8221; column_padding_position=&#8221;all&#8221; background_color_opacity=&#8221;1&#8243; background_hover_color_opacity=&#8221;1&#8243; column_shadow=&#8221;none&#8221; column_border_radius=&#8221;none&#8221; width=&#8221;1\/4&#8243; tablet_text_alignment=&#8221;default&#8221; phone_text_alignment=&#8221;default&#8221; column_border_width=&#8221;none&#8221; column_border_style=&#8221;solid&#8221;][vc_column_text]<strong>Pirjo K\u00e4\u00e4ri\u00e4inen<br \/>\n<\/strong>Professor of Practice, CHEMARTS<\/p>\n<p>Department of Design,\u00a0Aalto ARTS<\/p>\n<p>Mobile +358 50 3810 217<br \/>\n<a href=\"mailto:pirjo.kaariainen@aalto.fi\">pirjo.kaariainen@aalto.fi<\/a>[\/vc_column_text][\/vc_column][vc_column column_padding=&#8221;no-extra-padding&#8221; column_padding_position=&#8221;all&#8221; background_color_opacity=&#8221;1&#8243; background_hover_color_opacity=&#8221;1&#8243; column_shadow=&#8221;none&#8221; column_border_radius=&#8221;none&#8221; width=&#8221;1\/4&#8243; tablet_text_alignment=&#8221;default&#8221; phone_text_alignment=&#8221;default&#8221; column_border_width=&#8221;none&#8221; column_border_style=&#8221;solid&#8221;][vc_column_text]<strong>Tapani Vuorinen<\/strong><br \/>\nProfessor, Wood Chemistry<\/p>\n<p>Department of Bioproducts and Biosystems,\u00a0Aalto CHEM<\/p>\n<p>Mobile +358 50 516 0084<br \/>\n<a href=\"mailto:tapani.vuorinen@aalto.fi\">tapani.vuorinen@aalto.fi<\/a>[\/vc_column_text][\/vc_column][vc_column column_padding=&#8221;padding-4-percent&#8221; column_padding_position=&#8221;left&#8221; background_color_opacity=&#8221;1&#8243; background_hover_color_opacity=&#8221;1&#8243; column_shadow=&#8221;none&#8221; column_border_radius=&#8221;none&#8221; width=&#8221;1\/2&#8243; tablet_text_alignment=&#8221;default&#8221; phone_text_alignment=&#8221;default&#8221; column_border_width=&#8221;none&#8221; column_border_style=&#8221;solid&#8221;]<div class=\"iwithtext\"><div class=\"iwt-icon\"> <i class=\"icon-default-style icon-eye-open extra-color-1\"><\/i> <\/div><div class=\"iwt-text\"> If you want to know more or are interested in joining our inspiring collaboration, please contact us directly, follow\u00a0<a title=\"Aalto University news\" href=\"http:\/\/www.aalto.fi\/en\/current\/news\/\" target=\"_blank\" rel=\"noopener\">Aalto University news<\/a>,\u00a0<a href=\"https:\/\/www.facebook.com\/chemarts.aalto\/\" target=\"_blank\" rel=\"noopener\">CHEMARTS Facebook<\/a>\u00a0and\u00a0<a href=\"https:\/\/www.instagram.com\/aaltochemarts\/\" target=\"_blank\" rel=\"noopener\">Instagram<\/a>. <\/div><div class=\"clear\"><\/div><\/div><div class=\"iwithtext\"><div class=\"iwt-icon\"> <i class=\"icon-default-style icon-map-marker extra-color-1\"><\/i> <\/div><div class=\"iwt-text\"> Visit us in <strong>CHEMARTS lab<\/strong>:<\/p>\n<p>Aalto University<br \/>\nSchool of Chemical Engineering<br \/>\nVuorimiehentie 1, Espoo<br \/>\nPB 16300, 00076 Aalto<\/p>\n <\/div><div class=\"clear\"><\/div><\/div>[\/vc_column][\/vc_row][vc_row type=&#8221;full_width_content&#8221; full_screen_row_position=&#8221;middle&#8221; scene_position=&#8221;center&#8221; text_color=&#8221;dark&#8221; text_align=&#8221;left&#8221; overlay_strength=&#8221;0.3&#8243; shape_divider_position=&#8221;bottom&#8221; shape_type=&#8221;&#8221;][vc_column column_padding=&#8221;no-extra-padding&#8221; column_padding_position=&#8221;all&#8221; background_color_opacity=&#8221;1&#8243; background_hover_color_opacity=&#8221;1&#8243; column_shadow=&#8221;none&#8221; column_border_radius=&#8221;none&#8221; width=&#8221;1\/1&#8243; tablet_text_alignment=&#8221;default&#8221; phone_text_alignment=&#8221;default&#8221; column_border_width=&#8221;none&#8221; column_border_style=&#8221;solid&#8221;][nectar_gmap zoom=&#8221;16&#8243; enable_zoom=&#8221;1&#8243; marker_style=&#8221;default&#8221; marker_animation=&#8221;1&#8243; map_greyscale=&#8221;1&#8243; size=&#8221;500&#8243; map_center_lat=&#8221;60.181794&#8243; map_center_lng=&#8221;24.824686&#8243; map_markers=&#8221;60.181794 | 24.824686 | We are here!<br \/>\n&#8220;][\/vc_column][\/vc_row][vc_row type=&#8221;in_container&#8221; full_screen_row_position=&#8221;middle&#8221; scene_position=&#8221;center&#8221; text_color=&#8221;dark&#8221; text_align=&#8221;left&#8221; top_padding=&#8221;60&#8243; bottom_padding=&#8221;10&#8243; overlay_strength=&#8221;0.3&#8243; shape_divider_position=&#8221;bottom&#8221; shape_type=&#8221;&#8221;][vc_column column_padding=&#8221;no-extra-padding&#8221; column_padding_position=&#8221;all&#8221; background_color_opacity=&#8221;1&#8243; background_hover_color_opacity=&#8221;1&#8243; column_shadow=&#8221;none&#8221; column_border_radius=&#8221;none&#8221; width=&#8221;1\/1&#8243; tablet_text_alignment=&#8221;default&#8221; phone_text_alignment=&#8221;default&#8221; column_border_width=&#8221;none&#8221; column_border_style=&#8221;solid&#8221;][vc_column_text]\n<h5>Cover photo: Maija J\u00e4rviniemi<\/h5>\n[\/vc_column_text][\/vc_column][\/vc_row]\n","protected":false},"excerpt":{"rendered":"<p>[vc_row type=&#8221;full_width_background&#8221; full_screen_row_position=&#8221;middle&#8221; bg_color=&#8221;#f7f7f7&#8243; scene_position=&#8221;center&#8221; text_color=&#8221;dark&#8221; text_align=&#8221;left&#8221; top_padding=&#8221;60&#8243; bottom_padding=&#8221;60&#8243; overlay_strength=&#8221;0.3&#8243; shape_divider_position=&#8221;bottom&#8221;][vc_column column_padding=&#8221;no-extra-padding&#8221; column_padding_position=&#8221;all&#8221; background_color_opacity=&#8221;1&#8243; background_hover_color_opacity=&#8221;1&#8243; column_shadow=&#8221;none&#8221; column_border_radius=&#8221;none&#8221; width=&#8221;1\/4&#8243; tablet_text_alignment=&#8221;default&#8221; phone_text_alignment=&#8221;default&#8221; column_border_width=&#8221;none&#8221; column_border_style=&#8221;solid&#8221;][vc_column_text]Pirjo K\u00e4\u00e4ri\u00e4inen Professor of Practice, CHEMARTS Department of Design,\u00a0Aalto&#8230;<\/p>\n","protected":false},"author":1,"featured_media":0,"parent":0,"menu_order":12,"comment_status":"open","ping_status":"open","template":"","meta":[],"_links":{"self":[{"href":"https:\/\/chemarts.aalto.fi\/index.php\/wp-json\/wp\/v2\/pages\/2092"}],"collection":[{"href":"https:\/\/chemarts.aalto.fi\/index.php\/wp-json\/wp\/v2\/pages"}],"about":[{"href":"https:\/\/chemarts.aalto.fi\/index.php\/wp-json\/wp\/v2\/types\/page"}],"author":[{"embeddable":true,"href":"https:\/\/chemarts.aalto.fi\/index.php\/wp-json\/wp\/v2\/users\/1"}],"replies":[{"embeddable":true,"href":"https:\/\/chemarts.aalto.fi\/index.php\/wp-json\/wp\/v2\/comments?post=2092"}],"version-history":[{"count":20,"href":"https:\/\/chemarts.aalto.fi\/index.php\/wp-json\/wp\/v2\/pages\/2092\/revisions"}],"predecessor-version":[{"id":3890,"href":"https:\/\/chemarts.aalto.fi\/index.php\/wp-json\/wp\/v2\/pages\/2092\/revisions\/3890"}],"wp:attachment":[{"href":"https:\/\/chemarts.aalto.fi\/index.php\/wp-json\/wp\/v2\/media?parent=2092"}],"curies":[{"name":"wp","href":"https:\/\/api.w.org\/{rel}","templated":true}]}}